{"id":329,"date":"2025-11-17T16:14:30","date_gmt":"2025-11-17T08:14:30","guid":{"rendered":"https:\/\/senlisi.com\/?page_id=329"},"modified":"2025-11-19T10:49:49","modified_gmt":"2025-11-19T02:49:49","slug":"refrigerateurs-medicaux-pour-pharmacies","status":"publish","type":"page","link":"https:\/\/senlisi.com\/fr\/pharmacy-medical-refrigerators\/","title":{"rendered":"R\u00e9frig\u00e9rateurs pour la pharmacie et le secteur m\u00e9dical"},"content":{"rendered":"","protected":false},"excerpt":{"rendered":"","protected":false},"author":1,"featured_media":0,"parent":0,"menu_order":18,"comment_status":"closed","ping_status":"closed","template":"catalog.php","meta":{"_acf_changed":false,"footnotes":""},"class_list":["post-329","page","type-page","status-publish","hentry"],"acf":[],"_links":{"self":[{"href":"https:\/\/senlisi.com\/fr\/wp-json\/wp\/v2\/pages\/329","targetHints":{"allow":["GET"]}}],"collection":[{"href":"https:\/\/senlisi.com\/fr\/wp-json\/wp\/v2\/pages"}],"about":[{"href":"https:\/\/senlisi.com\/fr\/wp-json\/wp\/v2\/types\/page"}],"author":[{"embeddable":true,"href":"https:\/\/senlisi.com\/fr\/wp-json\/wp\/v2\/users\/1"}],"replies":[{"embeddable":true,"href":"https:\/\/senlisi.com\/fr\/wp-json\/wp\/v2\/comments?post=329"}],"version-history":[{"count":8,"href":"https:\/\/senlisi.com\/fr\/wp-json\/wp\/v2\/pages\/329\/revisions"}],"predecessor-version":[{"id":691,"href":"https:\/\/senlisi.com\/fr\/wp-json\/wp\/v2\/pages\/329\/revisions\/691"}],"wp:attachment":[{"href":"https:\/\/senlisi.com\/fr\/wp-json\/wp\/v2\/media?parent=329"}],"curies":[{"name":"wp","href":"https:\/\/api.w.org\/{rel}","templated":true}]}}